{"id":713,"date":"2023-12-04T02:12:45","date_gmt":"2023-12-04T01:12:45","guid":{"rendered":"https:\/\/fungesta.com\/site\/?page_id=713"},"modified":"2024-05-12T21:03:54","modified_gmt":"2024-05-12T19:03:54","slug":"sobre-nosotros","status":"publish","type":"page","link":"https:\/\/fungesta.com\/site\/index.php\/sobre-nosotros\/","title":{"rendered":"Sobre Nosotros"},"content":{"rendered":"\t\t<div data-elementor-type=\"wp-page\" data-elementor-id=\"713\" class=\"elementor elementor-713\">\n\t\t\t\t<div class=\"elementor-element elementor-element-1fdd9307 e-flex e-con-boxed e-con e-parent\" data-id=\"1fdd9307\" data-element_type=\"container\" data-e-type=\"container\" id=\"home\" data-settings=\"{&quot;background_background&quot;:&quot;classic&quot;}\">\n\t\t\t\t\t<div class=\"e-con-inner\">\n\t\t<div class=\"elementor-element elementor-element-49148b6e e-con-full e-flex e-con e-child\" data-id=\"49148b6e\" data-element_type=\"container\" data-e-type=\"container\">\n\t\t\t\t<div class=\"elementor-element elementor-element-407be3a4 elementor-widget elementor-widget-heading\" data-id=\"407be3a4\" data-element_type=\"widget\" data-e-type=\"widget\" data-widget_type=\"heading.default\">\n\t\t\t\t<div class=\"elementor-widget-container\">\n\t\t\t\t\t<h4 class=\"elementor-heading-title elementor-size-default\">Fundaci\u00f3n para la Gesti\u00f3n T\u00e9cnica y Acad\u00e9mica<\/h4>\t\t\t\t<\/div>\n\t\t\t\t<\/div>\n\t\t\t\t<div class=\"elementor-element elementor-element-551c12e3 elementor-widget-divider--view-line elementor-widget elementor-widget-divider\" data-id=\"551c12e3\" data-element_type=\"widget\" data-e-type=\"widget\" data-widget_type=\"divider.default\">\n\t\t\t\t<div class=\"elementor-widget-container\">\n\t\t\t\t\t\t\t<div class=\"elementor-divider\">\n\t\t\t<span class=\"elementor-divider-separator\">\n\t\t\t\t\t\t<\/span>\n\t\t<\/div>\n\t\t\t\t\t\t<\/div>\n\t\t\t\t<\/div>\n\t\t\t\t<div class=\"elementor-element elementor-element-51a371d7 elementor-widget elementor-widget-heading\" data-id=\"51a371d7\" data-element_type=\"widget\" data-e-type=\"widget\" data-widget_type=\"heading.default\">\n\t\t\t\t<div class=\"elementor-widget-container\">\n\t\t\t\t\t<h1 class=\"elementor-heading-title elementor-size-default\">FunGesta<\/h1>\t\t\t\t<\/div>\n\t\t\t\t<\/div>\n\t\t\t\t<div class=\"elementor-element elementor-element-96d5e18 elementor-widget elementor-widget-image\" data-id=\"96d5e18\" data-element_type=\"widget\" data-e-type=\"widget\" data-widget_type=\"image.default\">\n\t\t\t\t<div class=\"elementor-widget-container\">\n\t\t\t\t\t\t\t\t\t\t\t\t\t\t\t<img decoding=\"async\" width=\"300\" height=\"132\" src=\"https:\/\/fungesta.com\/site\/wp-content\/uploads\/2023\/12\/senescyt-logo-transparente-sombra-557x245-1-300x132.png\" class=\"attachment-medium size-medium wp-image-758\" alt=\"\" srcset=\"https:\/\/fungesta.com\/site\/wp-content\/uploads\/2023\/12\/senescyt-logo-transparente-sombra-557x245-1-300x132.png 300w, https:\/\/fungesta.com\/site\/wp-content\/uploads\/2023\/12\/senescyt-logo-transparente-sombra-557x245-1.png 557w\" sizes=\"(max-width: 300px) 100vw, 300px\" \/>\t\t\t\t\t\t\t\t\t\t\t\t\t\t\t<\/div>\n\t\t\t\t<\/div>\n\t\t\t\t<div class=\"elementor-element elementor-element-bce000b elementor-widget elementor-widget-heading\" data-id=\"bce000b\" data-element_type=\"widget\" data-e-type=\"widget\" data-widget_type=\"heading.default\">\n\t\t\t\t<div class=\"elementor-widget-container\">\n\t\t\t\t\t<h5 class=\"elementor-heading-title elementor-size-default\">Secretar\u00eda de Educaci\u00f3n Superior, Ciencia, Tecnolog\u00eda e Innovaci\u00f3n\nACUERDO No. SENESCYT-2023-010<\/h5>\t\t\t\t<\/div>\n\t\t\t\t<\/div>\n\t\t\t\t<\/div>\n\t\t\t\t\t<\/div>\n\t\t\t\t<\/div>\n\t\t<div class=\"elementor-element elementor-element-7eea1966 e-flex e-con-boxed e-con e-parent\" data-id=\"7eea1966\" data-element_type=\"container\" data-e-type=\"container\" id=\"about\" data-settings=\"{&quot;background_background&quot;:&quot;classic&quot;}\">\n\t\t\t\t\t<div class=\"e-con-inner\">\n\t\t<div class=\"elementor-element elementor-element-1f4ec3c6 e-con-full e-flex e-con e-child\" data-id=\"1f4ec3c6\" data-element_type=\"container\" data-e-type=\"container\" data-settings=\"{&quot;background_background&quot;:&quot;classic&quot;}\">\n\t\t\t\t<div class=\"elementor-element elementor-element-5e4dd8d elementor-widget elementor-widget-image\" data-id=\"5e4dd8d\" data-element_type=\"widget\" data-e-type=\"widget\" data-widget_type=\"image.default\">\n\t\t\t\t<div class=\"elementor-widget-container\">\n\t\t\t\t\t\t\t\t\t\t\t\t\t\t\t<img fetchpriority=\"high\" decoding=\"async\" width=\"500\" height=\"600\" src=\"https:\/\/fungesta.com\/site\/wp-content\/uploads\/2024\/05\/Fondo-Gesta-AKD-Ciencia-01-50x600-web.png\" class=\"attachment-large size-large wp-image-1211\" alt=\"\" srcset=\"https:\/\/fungesta.com\/site\/wp-content\/uploads\/2024\/05\/Fondo-Gesta-AKD-Ciencia-01-50x600-web.png 500w, https:\/\/fungesta.com\/site\/wp-content\/uploads\/2024\/05\/Fondo-Gesta-AKD-Ciencia-01-50x600-web-250x300.png 250w\" sizes=\"(max-width: 500px) 100vw, 500px\" \/>\t\t\t\t\t\t\t\t\t\t\t\t\t\t\t<\/div>\n\t\t\t\t<\/div>\n\t\t\t\t<\/div>\n\t\t<div class=\"elementor-element elementor-element-2ccbccae e-con-full e-flex e-con e-child\" data-id=\"2ccbccae\" data-element_type=\"container\" data-e-type=\"container\">\n\t\t\t\t<div class=\"elementor-element elementor-element-4880efec elementor-widget elementor-widget-heading\" data-id=\"4880efec\" data-element_type=\"widget\" data-e-type=\"widget\" data-widget_type=\"heading.default\">\n\t\t\t\t<div class=\"elementor-widget-container\">\n\t\t\t\t\t<h2 class=\"elementor-heading-title elementor-size-default\">Sobre Nosotros<\/h2>\t\t\t\t<\/div>\n\t\t\t\t<\/div>\n\t\t\t\t<div class=\"elementor-element elementor-element-60a71466 elementor-widget-divider--view-line elementor-widget elementor-widget-divider\" data-id=\"60a71466\" data-element_type=\"widget\" data-e-type=\"widget\" data-widget_type=\"divider.default\">\n\t\t\t\t<div class=\"elementor-widget-container\">\n\t\t\t\t\t\t\t<div class=\"elementor-divider\">\n\t\t\t<span class=\"elementor-divider-separator\">\n\t\t\t\t\t\t<\/span>\n\t\t<\/div>\n\t\t\t\t\t\t<\/div>\n\t\t\t\t<\/div>\n\t\t\t\t<div class=\"elementor-element elementor-element-719ca80b elementor-widget elementor-widget-text-editor\" data-id=\"719ca80b\" data-element_type=\"widget\" data-e-type=\"widget\" data-widget_type=\"text-editor.default\">\n\t\t\t\t<div class=\"elementor-widget-container\">\n\t\t\t\t\t\t\t\t\t<p>Somos una fundaci\u00f3n con personer\u00eda jur\u00eddica emitida por l<span style=\"text-align: var(--text-align); background-color: var( --e-global-color-astglobalcolor5 ); color: var(--ast-global-color-3); font-size: 1rem;\">a Secretar\u00eda de Educaci\u00f3n Superior, Ciencia, Tecnolog\u00eda e Innovaci\u00f3n<\/span><span style=\"text-align: var(--text-align); background-color: var( --e-global-color-astglobalcolor5 ); color: var(--ast-global-color-3); font-size: 1rem;\">\u00a0<\/span><span style=\"text-align: var(--text-align); background-color: var( --e-global-color-astglobalcolor5 ); color: var(--ast-global-color-3); font-size: 1rem;\">mediante ACUERDO No. SENESCYT-2023-010; <\/span><span style=\"font-style: inherit; font-weight: inherit; text-align: var(--text-align); background-color: var( --e-global-color-astglobalcolor5 ); color: var(--ast-global-color-3);\">con la misi\u00f3n de apoyar a estudiantes a nivel nacional e internacional, a trav\u00e9s del desarrollo de programas que promuevan y ampl\u00eden el acceso a los estudios superiores de especializaci\u00f3n, investigaci\u00f3n cient\u00edfica, desarrollo tecnol\u00f3gico e innovaci\u00f3n, entre otros.\u00a0\u00a0<\/span><\/p><p>\u00a0<\/p><p>Estamos comprometidos con impulsar el progreso t\u00e9cnico y cient\u00edfico, fomentando la excelencia acad\u00e9mica y la innovaci\u00f3n.\u00a0<\/p><p>\u00a0<\/p><p>Creemos en el poder de la tecnolog\u00eda y la ciencia para transformar sociedades y mejorar la calidad de vida globalmente.<\/p>\t\t\t\t\t\t\t\t<\/div>\n\t\t\t\t<\/div>\n\t\t\t\t<div class=\"elementor-element elementor-element-a492237 elementor-widget elementor-widget-text-editor\" data-id=\"a492237\" data-element_type=\"widget\" data-e-type=\"widget\" data-widget_type=\"text-editor.default\">\n\t\t\t\t<div class=\"elementor-widget-container\">\n\t\t\t\t\t\t\t\t\t<p>Convencidos que el desarrollo cient\u00edfico, la profesionalizaci\u00f3n, la preparaci\u00f3n para el empleo es un diferenciador para potenciar el desenvolvimiento profesional de nuestros estudiantes.<\/p>\t\t\t\t\t\t\t\t<\/div>\n\t\t\t\t<\/div>\n\t\t\t\t<\/div>\n\t\t\t\t\t<\/div>\n\t\t\t\t<\/div>\n\t\t<div class=\"elementor-element elementor-element-6e623555 e-flex e-con-boxed e-con e-parent\" data-id=\"6e623555\" data-element_type=\"container\" data-e-type=\"container\" data-settings=\"{&quot;background_background&quot;:&quot;classic&quot;}\">\n\t\t\t\t\t<div class=\"e-con-inner\">\n\t\t<div class=\"elementor-element elementor-element-6156eb95 e-con-full e-flex e-con e-child\" data-id=\"6156eb95\" data-element_type=\"container\" data-e-type=\"container\" data-settings=\"{&quot;background_background&quot;:&quot;classic&quot;}\">\n\t\t<div class=\"elementor-element elementor-element-180c538a e-con-full e-flex e-con e-child\" data-id=\"180c538a\" data-element_type=\"container\" data-e-type=\"container\">\n\t\t<div class=\"elementor-element elementor-element-f797bd2 e-con-full e-flex e-con e-child\" data-id=\"f797bd2\" data-element_type=\"container\" data-e-type=\"container\">\n\t\t\t\t<div class=\"elementor-element elementor-element-2cd58fb0 elementor-widget elementor-widget-heading\" data-id=\"2cd58fb0\" data-element_type=\"widget\" data-e-type=\"widget\" data-widget_type=\"heading.default\">\n\t\t\t\t<div class=\"elementor-widget-container\">\n\t\t\t\t\t<h3 class=\"elementor-heading-title elementor-size-default\">Ll\u00e1menos para consultas GRATUITAS<\/h3>\t\t\t\t<\/div>\n\t\t\t\t<\/div>\n\t\t\t\t<div class=\"elementor-element elementor-element-50b0195e elementor-widget elementor-widget-text-editor\" data-id=\"50b0195e\" data-element_type=\"widget\" data-e-type=\"widget\" data-widget_type=\"text-editor.default\">\n\t\t\t\t<div class=\"elementor-widget-container\">\n\t\t\t\t\t\t\t\t\t<p>Nuestra misi\u00f3n es apoyarte en tu desarrollo profesional e inserci\u00f3n laboral<\/p>\t\t\t\t\t\t\t\t<\/div>\n\t\t\t\t<\/div>\n\t\t\t\t<\/div>\n\t\t<div class=\"elementor-element elementor-element-4fbb8dc1 e-con-full e-flex e-con e-child\" data-id=\"4fbb8dc1\" data-element_type=\"container\" data-e-type=\"container\">\n\t\t\t\t<div class=\"elementor-element elementor-element-1870eaf6 elementor-align-center elementor-widget elementor-widget-button\" data-id=\"1870eaf6\" data-element_type=\"widget\" data-e-type=\"widget\" data-widget_type=\"button.default\">\n\t\t\t\t<div class=\"elementor-widget-container\">\n\t\t\t\t\t\t\t\t\t<div class=\"elementor-button-wrapper\">\n\t\t\t\t\t<a class=\"elementor-button elementor-button-link elementor-size-md\" href=\"#\">\n\t\t\t\t\t\t<span class=\"elementor-button-content-wrapper\">\n\t\t\t\t\t\t\t\t\t<span class=\"elementor-button-text\">Telf.\/Whatsapp: +593 9 63 63 2545<\/span>\n\t\t\t\t\t<\/span>\n\t\t\t\t\t<\/a>\n\t\t\t\t<\/div>\n\t\t\t\t\t\t\t\t<\/div>\n\t\t\t\t<\/div>\n\t\t\t\t<\/div>\n\t\t\t\t<\/div>\n\t\t\t\t<\/div>\n\t\t\t\t\t<\/div>\n\t\t\t\t<\/div>\n\t\t\t\t<\/div>\n\t\t","protected":false},"excerpt":{"rendered":"<p>Fundaci\u00f3n para la Gesti\u00f3n T\u00e9cnica y Acad\u00e9mica FunGesta Secretar\u00eda de Educaci\u00f3n Superior, Ciencia, Tecnolog\u00eda e Innovaci\u00f3n ACUERDO No. SENESCYT-2023-010 Sobre Nosotros Somos una fundaci\u00f3n con personer\u00eda jur\u00eddica emitida por la Secretar\u00eda de Educaci\u00f3n Superior, Ciencia, Tecnolog\u00eda e Innovaci\u00f3n\u00a0mediante ACUERDO No. SENESCYT-2023-010; con la misi\u00f3n de apoyar a estudiantes a nivel nacional e internacional, a trav\u00e9s [&hellip;]<\/p>\n","protected":false},"author":1,"featured_media":0,"parent":0,"menu_order":0,"comment_status":"closed","ping_status":"closed","template":"","meta":{"om_disable_all_campaigns":false,"_monsterinsights_skip_tracking":false,"_monsterinsights_sitenote_active":false,"_monsterinsights_sitenote_note":"","_monsterinsights_sitenote_category":0,"site-sidebar-layout":"no-sidebar","site-content-layout":"page-builder","ast-site-content-layout":"full-width-container","site-content-style":"default","site-sidebar-style":"default","ast-global-header-display":"","ast-banner-title-visibility":"","ast-main-header-display":"","ast-hfb-above-header-display":"","ast-hfb-below-header-display":"","ast-hfb-mobile-header-display":"","site-post-title":"disabled","ast-breadcrumbs-content":"","ast-featured-img":"disabled","footer-sml-layout":"","ast-disable-related-posts":"","theme-transparent-header-meta":"","adv-header-id-meta":"","stick-header-meta":"","header-above-stick-meta":"","header-main-stick-meta":"","header-below-stick-meta":"","astra-migrate-meta-layouts":"set","ast-page-background-enabled":"default","ast-page-background-meta":{"desktop":{"background-color":"","background-image":"","background-repeat":"repeat","background-position":"center center","background-size":"auto","background-attachment":"scroll","background-type":"","background-media":"","overlay-type":"","overlay-color":"","overlay-opacity":"","overlay-gradient":""},"tablet":{"background-color":"","background-image":"","background-repeat":"repeat","background-position":"center center","background-size":"auto","background-attachment":"scroll","background-type":"","background-media":"","overlay-type":"","overlay-color":"","overlay-opacity":"","overlay-gradient":""},"mobile":{"background-color":"","background-image":"","background-repeat":"repeat","background-position":"center center","background-size":"auto","background-attachment":"scroll","background-type":"","background-media":"","overlay-type":"","overlay-color":"","overlay-opacity":"","overlay-gradient":""}},"ast-content-background-meta":{"desktop":{"background-color":"var(--ast-global-color-5)","background-image":"","background-repeat":"repeat","background-position":"center center","background-size":"auto","background-attachment":"scroll","background-type":"","background-media":"","overlay-type":"","overlay-color":"","overlay-opacity":"","overlay-gradient":""},"tablet":{"background-color":"var(--ast-global-color-5)","background-image":"","background-repeat":"repeat","background-position":"center center","background-size":"auto","background-attachment":"scroll","background-type":"","background-media":"","overlay-type":"","overlay-color":"","overlay-opacity":"","overlay-gradient":""},"mobile":{"background-color":"var(--ast-global-color-5)","background-image":"","background-repeat":"repeat","background-position":"center center","background-size":"auto","background-attachment":"scroll","background-type":"","background-media":"","overlay-type":"","overlay-color":"","overlay-opacity":"","overlay-gradient":""}},"footnotes":""},"class_list":["post-713","page","type-page","status-publish","hentry"],"aioseo_notices":[],"_links":{"self":[{"href":"https:\/\/fungesta.com\/site\/index.php\/wp-json\/wp\/v2\/pages\/713","targetHints":{"allow":["GET"]}}],"collection":[{"href":"https:\/\/fungesta.com\/site\/index.php\/wp-json\/wp\/v2\/pages"}],"about":[{"href":"https:\/\/fungesta.com\/site\/index.php\/wp-json\/wp\/v2\/types\/page"}],"author":[{"embeddable":true,"href":"https:\/\/fungesta.com\/site\/index.php\/wp-json\/wp\/v2\/users\/1"}],"replies":[{"embeddable":true,"href":"https:\/\/fungesta.com\/site\/index.php\/wp-json\/wp\/v2\/comments?post=713"}],"version-history":[{"count":55,"href":"https:\/\/fungesta.com\/site\/index.php\/wp-json\/wp\/v2\/pages\/713\/revisions"}],"predecessor-version":[{"id":1229,"href":"https:\/\/fungesta.com\/site\/index.php\/wp-json\/wp\/v2\/pages\/713\/revisions\/1229"}],"wp:attachment":[{"href":"https:\/\/fungesta.com\/site\/index.php\/wp-json\/wp\/v2\/media?parent=713"}],"curies":[{"name":"wp","href":"https:\/\/api.w.org\/{rel}","templated":true}]}}