{"id":907,"date":"2023-12-08T04:40:38","date_gmt":"2023-12-08T03:40:38","guid":{"rendered":"https:\/\/fungesta.com\/site\/?page_id=907"},"modified":"2024-05-12T20:09:58","modified_gmt":"2024-05-12T18:09:58","slug":"aliados","status":"publish","type":"page","link":"https:\/\/fungesta.com\/site\/index.php\/aliados\/","title":{"rendered":"Aliados"},"content":{"rendered":"\t\t<div data-elementor-type=\"wp-page\" data-elementor-id=\"907\" class=\"elementor elementor-907\">\n\t\t\t\t<div class=\"elementor-element elementor-element-141de86b e-flex e-con-boxed e-con e-parent\" data-id=\"141de86b\" data-element_type=\"container\" data-e-type=\"container\" id=\"home\" data-settings=\"{&quot;background_background&quot;:&quot;classic&quot;}\">\n\t\t\t\t\t<div class=\"e-con-inner\">\n\t\t<div class=\"elementor-element elementor-element-26519e74 e-con-full e-flex e-con e-child\" data-id=\"26519e74\" data-element_type=\"container\" data-e-type=\"container\">\n\t\t\t\t<div class=\"elementor-element elementor-element-ddff7a5 elementor-widget elementor-widget-heading\" data-id=\"ddff7a5\" data-element_type=\"widget\" data-e-type=\"widget\" data-widget_type=\"heading.default\">\n\t\t\t\t<div class=\"elementor-widget-container\">\n\t\t\t\t\t<h4 class=\"elementor-heading-title elementor-size-default\">Fundaci\u00f3n para la Gesti\u00f3n T\u00e9cnica y Acad\u00e9mica<\/h4>\t\t\t\t<\/div>\n\t\t\t\t<\/div>\n\t\t\t\t<div class=\"elementor-element elementor-element-30c1014b elementor-widget-divider--view-line elementor-widget elementor-widget-divider\" data-id=\"30c1014b\" data-element_type=\"widget\" data-e-type=\"widget\" data-widget_type=\"divider.default\">\n\t\t\t\t<div class=\"elementor-widget-container\">\n\t\t\t\t\t\t\t<div class=\"elementor-divider\">\n\t\t\t<span class=\"elementor-divider-separator\">\n\t\t\t\t\t\t<\/span>\n\t\t<\/div>\n\t\t\t\t\t\t<\/div>\n\t\t\t\t<\/div>\n\t\t\t\t<div class=\"elementor-element elementor-element-19df0471 elementor-widget elementor-widget-heading\" data-id=\"19df0471\" data-element_type=\"widget\" data-e-type=\"widget\" data-widget_type=\"heading.default\">\n\t\t\t\t<div class=\"elementor-widget-container\">\n\t\t\t\t\t<h1 class=\"elementor-heading-title elementor-size-default\">FunGesta<\/h1>\t\t\t\t<\/div>\n\t\t\t\t<\/div>\n\t\t\t\t<div class=\"elementor-element elementor-element-55d35051 elementor-widget elementor-widget-image\" data-id=\"55d35051\" data-element_type=\"widget\" data-e-type=\"widget\" data-widget_type=\"image.default\">\n\t\t\t\t<div class=\"elementor-widget-container\">\n\t\t\t\t\t\t\t\t\t\t\t\t\t\t\t<img decoding=\"async\" width=\"300\" height=\"132\" src=\"https:\/\/fungesta.com\/site\/wp-content\/uploads\/2023\/12\/senescyt-logo-transparente-sombra-557x245-1-300x132.png\" class=\"attachment-medium size-medium wp-image-758\" alt=\"\" srcset=\"https:\/\/fungesta.com\/site\/wp-content\/uploads\/2023\/12\/senescyt-logo-transparente-sombra-557x245-1-300x132.png 300w, https:\/\/fungesta.com\/site\/wp-content\/uploads\/2023\/12\/senescyt-logo-transparente-sombra-557x245-1.png 557w\" sizes=\"(max-width: 300px) 100vw, 300px\" \/>\t\t\t\t\t\t\t\t\t\t\t\t\t\t\t<\/div>\n\t\t\t\t<\/div>\n\t\t\t\t<div class=\"elementor-element elementor-element-1d4a1738 elementor-widget elementor-widget-heading\" data-id=\"1d4a1738\" data-element_type=\"widget\" data-e-type=\"widget\" data-widget_type=\"heading.default\">\n\t\t\t\t<div class=\"elementor-widget-container\">\n\t\t\t\t\t<h5 class=\"elementor-heading-title elementor-size-default\">Secretar\u00eda de Educaci\u00f3n Superior, Ciencia, Tecnolog\u00eda e Innovaci\u00f3n\nACUERDO No. SENESCYT-2023-010<\/h5>\t\t\t\t<\/div>\n\t\t\t\t<\/div>\n\t\t\t\t<\/div>\n\t\t\t\t\t<\/div>\n\t\t\t\t<\/div>\n\t\t<div class=\"elementor-element elementor-element-723db387 e-flex e-con-boxed e-con e-parent\" data-id=\"723db387\" data-element_type=\"container\" data-e-type=\"container\" id=\"about\" data-settings=\"{&quot;background_background&quot;:&quot;classic&quot;}\">\n\t\t\t\t\t<div class=\"e-con-inner\">\n\t\t<div class=\"elementor-element elementor-element-1c7fc4c5 e-con-full e-flex e-con e-child\" data-id=\"1c7fc4c5\" data-element_type=\"container\" data-e-type=\"container\" data-settings=\"{&quot;background_background&quot;:&quot;classic&quot;}\">\n\t\t\t\t<div class=\"elementor-element elementor-element-52232ccc elementor-widget elementor-widget-image\" data-id=\"52232ccc\" data-element_type=\"widget\" data-e-type=\"widget\" data-widget_type=\"image.default\">\n\t\t\t\t<div class=\"elementor-widget-container\">\n\t\t\t\t\t\t\t\t\t\t\t\t\t\t\t<img fetchpriority=\"high\" decoding=\"async\" width=\"1024\" height=\"682\" src=\"https:\/\/fungesta.com\/site\/wp-content\/uploads\/2024\/05\/FunGesta-FCiencias-UCE-acuerdo-web-1024x682.png\" class=\"attachment-large size-large wp-image-1165\" alt=\"\" srcset=\"https:\/\/fungesta.com\/site\/wp-content\/uploads\/2024\/05\/FunGesta-FCiencias-UCE-acuerdo-web-1024x682.png 1024w, https:\/\/fungesta.com\/site\/wp-content\/uploads\/2024\/05\/FunGesta-FCiencias-UCE-acuerdo-web-300x200.png 300w, https:\/\/fungesta.com\/site\/wp-content\/uploads\/2024\/05\/FunGesta-FCiencias-UCE-acuerdo-web-768x512.png 768w, https:\/\/fungesta.com\/site\/wp-content\/uploads\/2024\/05\/FunGesta-FCiencias-UCE-acuerdo-web.png 1280w\" sizes=\"(max-width: 1024px) 100vw, 1024px\" \/>\t\t\t\t\t\t\t\t\t\t\t\t\t\t\t<\/div>\n\t\t\t\t<\/div>\n\t\t\t\t<div class=\"elementor-element elementor-element-66bad76 elementor-widget elementor-widget-image\" data-id=\"66bad76\" data-element_type=\"widget\" data-e-type=\"widget\" data-widget_type=\"image.default\">\n\t\t\t\t<div class=\"elementor-widget-container\">\n\t\t\t\t\t\t\t\t\t\t\t\t\t\t\t<img decoding=\"async\" width=\"500\" height=\"600\" src=\"https:\/\/fungesta.com\/site\/wp-content\/uploads\/2023\/12\/Fondo-Gesta-AKD-Ciencia-03-web.png\" class=\"attachment-large size-large wp-image-978\" alt=\"\" srcset=\"https:\/\/fungesta.com\/site\/wp-content\/uploads\/2023\/12\/Fondo-Gesta-AKD-Ciencia-03-web.png 500w, https:\/\/fungesta.com\/site\/wp-content\/uploads\/2023\/12\/Fondo-Gesta-AKD-Ciencia-03-web-250x300.png 250w\" sizes=\"(max-width: 500px) 100vw, 500px\" \/>\t\t\t\t\t\t\t\t\t\t\t\t\t\t\t<\/div>\n\t\t\t\t<\/div>\n\t\t\t\t<\/div>\n\t\t<div class=\"elementor-element elementor-element-5f6db35c e-con-full e-flex e-con e-child\" data-id=\"5f6db35c\" data-element_type=\"container\" data-e-type=\"container\">\n\t\t\t\t<div class=\"elementor-element elementor-element-3c33f0bd elementor-widget elementor-widget-heading\" data-id=\"3c33f0bd\" data-element_type=\"widget\" data-e-type=\"widget\" data-widget_type=\"heading.default\">\n\t\t\t\t<div class=\"elementor-widget-container\">\n\t\t\t\t\t<h2 class=\"elementor-heading-title elementor-size-default\">Nuestros Aliados<\/h2>\t\t\t\t<\/div>\n\t\t\t\t<\/div>\n\t\t\t\t<div class=\"elementor-element elementor-element-7442d163 elementor-widget-divider--view-line elementor-widget elementor-widget-divider\" data-id=\"7442d163\" data-element_type=\"widget\" data-e-type=\"widget\" data-widget_type=\"divider.default\">\n\t\t\t\t<div class=\"elementor-widget-container\">\n\t\t\t\t\t\t\t<div class=\"elementor-divider\">\n\t\t\t<span class=\"elementor-divider-separator\">\n\t\t\t\t\t\t<\/span>\n\t\t<\/div>\n\t\t\t\t\t\t<\/div>\n\t\t\t\t<\/div>\n\t\t\t\t<div class=\"elementor-element elementor-element-6be99ac3 elementor-widget elementor-widget-text-editor\" data-id=\"6be99ac3\" data-element_type=\"widget\" data-e-type=\"widget\" data-widget_type=\"text-editor.default\">\n\t\t\t\t<div class=\"elementor-widget-container\">\n\t\t\t\t\t\t\t\t\t<p>En la FunGesta, creemos firmemente en el poder de la colaboraci\u00f3n y la sinergia, es por eso que nuestra red de aliados (partners) es el coraz\u00f3n de nuestro compromiso con la excelencia acad\u00e9mica, cient\u00edfica y el desarrollo profesional.\u00a0<span style=\"font-style: inherit; font-weight: inherit; background-color: var( --e-global-color-astglobalcolor5 ); color: var(--ast-global-color-3);\">A trav\u00e9s de esta red, seguimos expandiendo horizontes y construyendo puentes hacia nuevas oportunidades para la juventud.<\/span><\/p><p><span style=\"font-style: inherit; font-weight: inherit; background-color: var( --e-global-color-astglobalcolor5 ); color: var(--ast-global-color-3);\">\u00a0<\/span><\/p><p>\u00a0<\/p><p><strong>Alianzas que Inspiran<\/strong><\/p><p>Nuestros aliados son m\u00e1s que colaboradores; con cada nueva alianza, reafirmamos nuestro compromiso con la formaci\u00f3n y acompa\u00f1amiento a nuestros estudiantes.<\/p><p>\u00a0<\/p><p><strong>Impacto que Trasciende<\/strong><\/p><p>La red de aliados es un testimonio de lo que podemos lograr juntos. Desde talleres de desarrollo personal hasta doctorados internacionales.<\/p><p>\u00a0<\/p><p><strong>\u00danete a la Red<\/strong><\/p><p>Si est\u00e1s motivado y deseas unirte con tu aporte o empresa, te invitamos a sumarte a nuestra red de aliados. Con tu compromiso y participaci\u00f3n, podemos transformar la realidad de cientos de personas promoviendo sus derechos y potenciando sus habilidades.<\/p><p>\u00a0<\/p><p><b>Env\u00edanos un email a:<\/b> <b><a href=\"mailto:info@fungesta.com\">info@fungesta.com<\/a><\/b> con tus datos de contacto. Estaremos gustosos de ponernos en contacto para explorar formas de colaborar en tu regi\u00f3n o pa\u00eds.\u00a0<\/p>\t\t\t\t\t\t\t\t<\/div>\n\t\t\t\t<\/div>\n\t\t\t\t<\/div>\n\t\t\t\t\t<\/div>\n\t\t\t\t<\/div>\n\t\t<div class=\"elementor-element elementor-element-0ae0d14 e-flex e-con-boxed e-con e-parent\" data-id=\"0ae0d14\" data-element_type=\"container\" data-e-type=\"container\">\n\t\t\t\t\t<div class=\"e-con-inner\">\n\t\t\t\t<div class=\"elementor-element elementor-element-b9ac9da elementor-widget elementor-widget-heading\" data-id=\"b9ac9da\" data-element_type=\"widget\" data-e-type=\"widget\" data-widget_type=\"heading.default\">\n\t\t\t\t<div class=\"elementor-widget-container\">\n\t\t\t\t\t<h2 class=\"elementor-heading-title elementor-size-default\">Red de Alianzas<\/h2>\t\t\t\t<\/div>\n\t\t\t\t<\/div>\n\t\t\t\t<div class=\"elementor-element elementor-element-78061ca elementor-widget elementor-widget-heading\" data-id=\"78061ca\" data-element_type=\"widget\" data-e-type=\"widget\" data-widget_type=\"heading.default\">\n\t\t\t\t<div class=\"elementor-widget-container\">\n\t\t\t\t\t<h2 class=\"elementor-heading-title elementor-size-default\"><a href=\"https:\/\/ucenea.com\/site\/\">UCENEA - M\u00e9xico<\/a><\/h2>\t\t\t\t<\/div>\n\t\t\t\t<\/div>\n\t\t\t\t<div class=\"elementor-element elementor-element-86b1ec1 elementor-widget elementor-widget-image\" data-id=\"86b1ec1\" data-element_type=\"widget\" data-e-type=\"widget\" data-widget_type=\"image.default\">\n\t\t\t\t<div class=\"elementor-widget-container\">\n\t\t\t\t\t\t\t\t\t\t\t\t\t\t\t\t<a href=\"https:\/\/ucenea.com\/site\/\">\n\t\t\t\t\t\t\t<img loading=\"lazy\" decoding=\"async\" width=\"1314\" height=\"465\" src=\"https:\/\/fungesta.com\/site\/wp-content\/uploads\/2023\/12\/CENEA-Banner-02.png\" class=\"attachment-full size-full wp-image-917\" alt=\"\" srcset=\"https:\/\/fungesta.com\/site\/wp-content\/uploads\/2023\/12\/CENEA-Banner-02.png 1314w, https:\/\/fungesta.com\/site\/wp-content\/uploads\/2023\/12\/CENEA-Banner-02-300x106.png 300w, https:\/\/fungesta.com\/site\/wp-content\/uploads\/2023\/12\/CENEA-Banner-02-1024x362.png 1024w, https:\/\/fungesta.com\/site\/wp-content\/uploads\/2023\/12\/CENEA-Banner-02-768x272.png 768w\" sizes=\"(max-width: 1314px) 100vw, 1314px\" \/>\t\t\t\t\t\t\t\t<\/a>\n\t\t\t\t\t\t\t\t\t\t\t\t\t\t\t<\/div>\n\t\t\t\t<\/div>\n\t\t\t\t<div class=\"elementor-element elementor-element-aefd5b0 elementor-widget elementor-widget-heading\" data-id=\"aefd5b0\" data-element_type=\"widget\" data-e-type=\"widget\" data-widget_type=\"heading.default\">\n\t\t\t\t<div class=\"elementor-widget-container\">\n\t\t\t\t\t<h2 class=\"elementor-heading-title elementor-size-default\">Cinesoft<\/h2>\t\t\t\t<\/div>\n\t\t\t\t<\/div>\n\t\t\t\t<div class=\"elementor-element elementor-element-925577a elementor-widget elementor-widget-image\" data-id=\"925577a\" data-element_type=\"widget\" data-e-type=\"widget\" data-widget_type=\"image.default\">\n\t\t\t\t<div class=\"elementor-widget-container\">\n\t\t\t\t\t\t\t\t\t\t\t\t\t\t\t<img loading=\"lazy\" decoding=\"async\" width=\"600\" height=\"420\" src=\"https:\/\/fungesta.com\/site\/wp-content\/uploads\/2023\/12\/cinesoft.jpg\" class=\"attachment-full size-full wp-image-921\" alt=\"\" srcset=\"https:\/\/fungesta.com\/site\/wp-content\/uploads\/2023\/12\/cinesoft.jpg 600w, https:\/\/fungesta.com\/site\/wp-content\/uploads\/2023\/12\/cinesoft-300x210.jpg 300w\" sizes=\"(max-width: 600px) 100vw, 600px\" \/>\t\t\t\t\t\t\t\t\t\t\t\t\t\t\t<\/div>\n\t\t\t\t<\/div>\n\t\t\t\t\t<\/div>\n\t\t\t\t<\/div>\n\t\t<div class=\"elementor-element elementor-element-19ed7e68 e-flex e-con-boxed e-con e-parent\" data-id=\"19ed7e68\" data-element_type=\"container\" data-e-type=\"container\" data-settings=\"{&quot;background_background&quot;:&quot;classic&quot;}\">\n\t\t\t\t\t<div class=\"e-con-inner\">\n\t\t<div class=\"elementor-element elementor-element-5e360f83 e-con-full e-flex e-con e-child\" data-id=\"5e360f83\" data-element_type=\"container\" data-e-type=\"container\" data-settings=\"{&quot;background_background&quot;:&quot;classic&quot;}\">\n\t\t<div class=\"elementor-element elementor-element-9614df4 e-con-full e-flex e-con e-child\" data-id=\"9614df4\" data-element_type=\"container\" data-e-type=\"container\">\n\t\t<div class=\"elementor-element elementor-element-6d87de61 e-con-full e-flex e-con e-child\" data-id=\"6d87de61\" data-element_type=\"container\" data-e-type=\"container\">\n\t\t\t\t<div class=\"elementor-element elementor-element-6561e9df elementor-widget elementor-widget-heading\" data-id=\"6561e9df\" data-element_type=\"widget\" data-e-type=\"widget\" data-widget_type=\"heading.default\">\n\t\t\t\t<div class=\"elementor-widget-container\">\n\t\t\t\t\t<h3 class=\"elementor-heading-title elementor-size-default\">Ll\u00e1menos para consultas GRATUITAS<\/h3>\t\t\t\t<\/div>\n\t\t\t\t<\/div>\n\t\t\t\t<div class=\"elementor-element elementor-element-28fb1a11 elementor-widget elementor-widget-text-editor\" data-id=\"28fb1a11\" data-element_type=\"widget\" data-e-type=\"widget\" data-widget_type=\"text-editor.default\">\n\t\t\t\t<div class=\"elementor-widget-container\">\n\t\t\t\t\t\t\t\t\t<p>Nuestra misi\u00f3n es apoyarte en tu desarrollo profesional e inserci\u00f3n laboral<\/p>\t\t\t\t\t\t\t\t<\/div>\n\t\t\t\t<\/div>\n\t\t\t\t<\/div>\n\t\t<div class=\"elementor-element elementor-element-4495ec46 e-con-full e-flex e-con e-child\" data-id=\"4495ec46\" data-element_type=\"container\" data-e-type=\"container\">\n\t\t\t\t<div class=\"elementor-element elementor-element-3d8e4ec elementor-align-center elementor-widget elementor-widget-button\" data-id=\"3d8e4ec\" data-element_type=\"widget\" data-e-type=\"widget\" data-widget_type=\"button.default\">\n\t\t\t\t<div class=\"elementor-widget-container\">\n\t\t\t\t\t\t\t\t\t<div class=\"elementor-button-wrapper\">\n\t\t\t\t\t<a class=\"elementor-button elementor-button-link elementor-size-md\" href=\"#\">\n\t\t\t\t\t\t<span class=\"elementor-button-content-wrapper\">\n\t\t\t\t\t\t\t\t\t<span class=\"elementor-button-text\">Telf.\/Whatsapp: +593 9 63 63 2545<\/span>\n\t\t\t\t\t<\/span>\n\t\t\t\t\t<\/a>\n\t\t\t\t<\/div>\n\t\t\t\t\t\t\t\t<\/div>\n\t\t\t\t<\/div>\n\t\t\t\t<\/div>\n\t\t\t\t<\/div>\n\t\t\t\t<\/div>\n\t\t\t\t\t<\/div>\n\t\t\t\t<\/div>\n\t\t\t\t<\/div>\n\t\t","protected":false},"excerpt":{"rendered":"<p>Fundaci\u00f3n para la Gesti\u00f3n T\u00e9cnica y Acad\u00e9mica FunGesta Secretar\u00eda de Educaci\u00f3n Superior, Ciencia, Tecnolog\u00eda e Innovaci\u00f3n ACUERDO No. SENESCYT-2023-010 Nuestros Aliados En la FunGesta, creemos firmemente en el poder de la colaboraci\u00f3n y la sinergia, es por eso que nuestra red de aliados (partners) es el coraz\u00f3n de nuestro compromiso con la excelencia acad\u00e9mica, cient\u00edfica [&hellip;]<\/p>\n","protected":false},"author":2,"featured_media":0,"parent":0,"menu_order":0,"comment_status":"closed","ping_status":"closed","template":"","meta":{"om_disable_all_campaigns":false,"_monsterinsights_skip_tracking":false,"_monsterinsights_sitenote_active":false,"_monsterinsights_sitenote_note":"","_monsterinsights_sitenote_category":0,"site-sidebar-layout":"no-sidebar","site-content-layout":"page-builder","ast-site-content-layout":"full-width-container","site-content-style":"default","site-sidebar-style":"default","ast-global-header-display":"","ast-banner-title-visibility":"","ast-main-header-display":"","ast-hfb-above-header-display":"","ast-hfb-below-header-display":"","ast-hfb-mobile-header-display":"","site-post-title":"disabled","ast-breadcrumbs-content":"","ast-featured-img":"disabled","footer-sml-layout":"","ast-disable-related-posts":"","theme-transparent-header-meta":"","adv-header-id-meta":"","stick-header-meta":"","header-above-stick-meta":"","header-main-stick-meta":"","header-below-stick-meta":"","astra-migrate-meta-layouts":"set","ast-page-background-enabled":"default","ast-page-background-meta":{"desktop":{"background-color":"","background-image":"","background-repeat":"repeat","background-position":"center center","background-size":"auto","background-attachment":"scroll","background-type":"","background-media":"","overlay-type":"","overlay-color":"","overlay-opacity":"","overlay-gradient":""},"tablet":{"background-color":"","background-image":"","background-repeat":"repeat","background-position":"center center","background-size":"auto","background-attachment":"scroll","background-type":"","background-media":"","overlay-type":"","overlay-color":"","overlay-opacity":"","overlay-gradient":""},"mobile":{"background-color":"","background-image":"","background-repeat":"repeat","background-position":"center center","background-size":"auto","background-attachment":"scroll","background-type":"","background-media":"","overlay-type":"","overlay-color":"","overlay-opacity":"","overlay-gradient":""}},"ast-content-background-meta":{"desktop":{"background-color":"var(--ast-global-color-5)","background-image":"","background-repeat":"repeat","background-position":"center center","background-size":"auto","background-attachment":"scroll","background-type":"","background-media":"","overlay-type":"","overlay-color":"","overlay-opacity":"","overlay-gradient":""},"tablet":{"background-color":"var(--ast-global-color-5)","background-image":"","background-repeat":"repeat","background-position":"center center","background-size":"auto","background-attachment":"scroll","background-type":"","background-media":"","overlay-type":"","overlay-color":"","overlay-opacity":"","overlay-gradient":""},"mobile":{"background-color":"var(--ast-global-color-5)","background-image":"","background-repeat":"repeat","background-position":"center center","background-size":"auto","background-attachment":"scroll","background-type":"","background-media":"","overlay-type":"","overlay-color":"","overlay-opacity":"","overlay-gradient":""}},"footnotes":""},"class_list":["post-907","page","type-page","status-publish","hentry"],"aioseo_notices":[],"_links":{"self":[{"href":"https:\/\/fungesta.com\/site\/index.php\/wp-json\/wp\/v2\/pages\/907","targetHints":{"allow":["GET"]}}],"collection":[{"href":"https:\/\/fungesta.com\/site\/index.php\/wp-json\/wp\/v2\/pages"}],"about":[{"href":"https:\/\/fungesta.com\/site\/index.php\/wp-json\/wp\/v2\/types\/page"}],"author":[{"embeddable":true,"href":"https:\/\/fungesta.com\/site\/index.php\/wp-json\/wp\/v2\/users\/2"}],"replies":[{"embeddable":true,"href":"https:\/\/fungesta.com\/site\/index.php\/wp-json\/wp\/v2\/comments?post=907"}],"version-history":[{"count":25,"href":"https:\/\/fungesta.com\/site\/index.php\/wp-json\/wp\/v2\/pages\/907\/revisions"}],"predecessor-version":[{"id":1183,"href":"https:\/\/fungesta.com\/site\/index.php\/wp-json\/wp\/v2\/pages\/907\/revisions\/1183"}],"wp:attachment":[{"href":"https:\/\/fungesta.com\/site\/index.php\/wp-json\/wp\/v2\/media?parent=907"}],"curies":[{"name":"wp","href":"https:\/\/api.w.org\/{rel}","templated":true}]}}