{"id":957,"date":"2023-12-08T13:43:14","date_gmt":"2023-12-08T12:43:14","guid":{"rendered":"https:\/\/fungesta.com\/site\/?page_id=957"},"modified":"2024-05-12T21:01:31","modified_gmt":"2024-05-12T19:01:31","slug":"productos-y-servicios","status":"publish","type":"page","link":"https:\/\/fungesta.com\/site\/index.php\/productos-y-servicios\/","title":{"rendered":"Productos y Servicios"},"content":{"rendered":"\t\t<div data-elementor-type=\"wp-page\" data-elementor-id=\"957\" class=\"elementor elementor-957\">\n\t\t\t\t<div class=\"elementor-element elementor-element-a3e3fd5 e-flex e-con-boxed e-con e-parent\" data-id=\"a3e3fd5\" data-element_type=\"container\" data-e-type=\"container\" id=\"home\" data-settings=\"{&quot;background_background&quot;:&quot;classic&quot;}\">\n\t\t\t\t\t<div class=\"e-con-inner\">\n\t\t<div class=\"elementor-element elementor-element-3334285 e-con-full e-flex e-con e-child\" data-id=\"3334285\" data-element_type=\"container\" data-e-type=\"container\">\n\t\t\t\t<div class=\"elementor-element elementor-element-1027105e elementor-widget elementor-widget-heading\" data-id=\"1027105e\" data-element_type=\"widget\" data-e-type=\"widget\" data-widget_type=\"heading.default\">\n\t\t\t\t<div class=\"elementor-widget-container\">\n\t\t\t\t\t<h4 class=\"elementor-heading-title elementor-size-default\">Fundaci\u00f3n para la Gesti\u00f3n T\u00e9cnica y Acad\u00e9mica<\/h4>\t\t\t\t<\/div>\n\t\t\t\t<\/div>\n\t\t\t\t<div class=\"elementor-element elementor-element-3c8925b0 elementor-widget-divider--view-line elementor-widget elementor-widget-divider\" data-id=\"3c8925b0\" data-element_type=\"widget\" data-e-type=\"widget\" data-widget_type=\"divider.default\">\n\t\t\t\t<div class=\"elementor-widget-container\">\n\t\t\t\t\t\t\t<div class=\"elementor-divider\">\n\t\t\t<span class=\"elementor-divider-separator\">\n\t\t\t\t\t\t<\/span>\n\t\t<\/div>\n\t\t\t\t\t\t<\/div>\n\t\t\t\t<\/div>\n\t\t\t\t<div class=\"elementor-element elementor-element-29dae6bb elementor-widget elementor-widget-heading\" data-id=\"29dae6bb\" data-element_type=\"widget\" data-e-type=\"widget\" data-widget_type=\"heading.default\">\n\t\t\t\t<div class=\"elementor-widget-container\">\n\t\t\t\t\t<h1 class=\"elementor-heading-title elementor-size-default\">FunGesta<\/h1>\t\t\t\t<\/div>\n\t\t\t\t<\/div>\n\t\t\t\t<div class=\"elementor-element elementor-element-5e8009f elementor-widget elementor-widget-image\" data-id=\"5e8009f\" data-element_type=\"widget\" data-e-type=\"widget\" data-widget_type=\"image.default\">\n\t\t\t\t<div class=\"elementor-widget-container\">\n\t\t\t\t\t\t\t\t\t\t\t\t\t\t\t<img decoding=\"async\" width=\"300\" height=\"132\" src=\"https:\/\/fungesta.com\/site\/wp-content\/uploads\/2023\/12\/senescyt-logo-transparente-sombra-557x245-1-300x132.png\" class=\"attachment-medium size-medium wp-image-758\" alt=\"\" srcset=\"https:\/\/fungesta.com\/site\/wp-content\/uploads\/2023\/12\/senescyt-logo-transparente-sombra-557x245-1-300x132.png 300w, https:\/\/fungesta.com\/site\/wp-content\/uploads\/2023\/12\/senescyt-logo-transparente-sombra-557x245-1.png 557w\" sizes=\"(max-width: 300px) 100vw, 300px\" \/>\t\t\t\t\t\t\t\t\t\t\t\t\t\t\t<\/div>\n\t\t\t\t<\/div>\n\t\t\t\t<div class=\"elementor-element elementor-element-2ed5c588 elementor-widget elementor-widget-heading\" data-id=\"2ed5c588\" data-element_type=\"widget\" data-e-type=\"widget\" data-widget_type=\"heading.default\">\n\t\t\t\t<div class=\"elementor-widget-container\">\n\t\t\t\t\t<h5 class=\"elementor-heading-title elementor-size-default\">Secretar\u00eda de Educaci\u00f3n Superior, Ciencia, Tecnolog\u00eda e Innovaci\u00f3n\nACUERDO No. SENESCYT-2023-010<\/h5>\t\t\t\t<\/div>\n\t\t\t\t<\/div>\n\t\t\t\t<\/div>\n\t\t\t\t\t<\/div>\n\t\t\t\t<\/div>\n\t\t<div class=\"elementor-element elementor-element-cfb07b6 e-flex e-con-boxed e-con e-parent\" data-id=\"cfb07b6\" data-element_type=\"container\" data-e-type=\"container\" id=\"about\" data-settings=\"{&quot;background_background&quot;:&quot;classic&quot;}\">\n\t\t\t\t\t<div class=\"e-con-inner\">\n\t\t<div class=\"elementor-element elementor-element-9fab56f e-con-full e-flex e-con e-child\" data-id=\"9fab56f\" data-element_type=\"container\" data-e-type=\"container\" data-settings=\"{&quot;background_background&quot;:&quot;classic&quot;}\">\n\t\t\t\t<div class=\"elementor-element elementor-element-42007b9a elementor-widget elementor-widget-image\" data-id=\"42007b9a\" data-element_type=\"widget\" data-e-type=\"widget\" data-widget_type=\"image.default\">\n\t\t\t\t<div class=\"elementor-widget-container\">\n\t\t\t\t\t\t\t\t\t\t\t\t\t\t\t<img fetchpriority=\"high\" decoding=\"async\" width=\"500\" height=\"600\" src=\"https:\/\/fungesta.com\/site\/wp-content\/uploads\/2024\/05\/Fondo-Gesta-Ciencia-02-web.png\" class=\"attachment-large size-large wp-image-1209\" alt=\"\" srcset=\"https:\/\/fungesta.com\/site\/wp-content\/uploads\/2024\/05\/Fondo-Gesta-Ciencia-02-web.png 500w, https:\/\/fungesta.com\/site\/wp-content\/uploads\/2024\/05\/Fondo-Gesta-Ciencia-02-web-250x300.png 250w\" sizes=\"(max-width: 500px) 100vw, 500px\" \/>\t\t\t\t\t\t\t\t\t\t\t\t\t\t\t<\/div>\n\t\t\t\t<\/div>\n\t\t\t\t<\/div>\n\t\t<div class=\"elementor-element elementor-element-4e381957 e-con-full e-flex e-con e-child\" data-id=\"4e381957\" data-element_type=\"container\" data-e-type=\"container\">\n\t\t\t\t<div class=\"elementor-element elementor-element-584cc4f6 elementor-widget elementor-widget-heading\" data-id=\"584cc4f6\" data-element_type=\"widget\" data-e-type=\"widget\" data-widget_type=\"heading.default\">\n\t\t\t\t<div class=\"elementor-widget-container\">\n\t\t\t\t\t<h2 class=\"elementor-heading-title elementor-size-default\">Productos y Servicios<\/h2>\t\t\t\t<\/div>\n\t\t\t\t<\/div>\n\t\t\t\t<div class=\"elementor-element elementor-element-1fd9fac1 elementor-widget-divider--view-line elementor-widget elementor-widget-divider\" data-id=\"1fd9fac1\" data-element_type=\"widget\" data-e-type=\"widget\" data-widget_type=\"divider.default\">\n\t\t\t\t<div class=\"elementor-widget-container\">\n\t\t\t\t\t\t\t<div class=\"elementor-divider\">\n\t\t\t<span class=\"elementor-divider-separator\">\n\t\t\t\t\t\t<\/span>\n\t\t<\/div>\n\t\t\t\t\t\t<\/div>\n\t\t\t\t<\/div>\n\t\t\t\t<div class=\"elementor-element elementor-element-6165e991 elementor-widget elementor-widget-text-editor\" data-id=\"6165e991\" data-element_type=\"widget\" data-e-type=\"widget\" data-widget_type=\"text-editor.default\">\n\t\t\t\t<div class=\"elementor-widget-container\">\n\t\t\t\t\t\t\t\t\t<p>Innovaci\u00f3n y Calidad en Educaci\u00f3n, en FunGesta, nos dedicamos a ofrecer una amplia gama de productos y servicios educativos de alta calidad conjuntamente con nuestros aliados, dise\u00f1ados para satisfacer las necesidades de aprendizaje y desarrollo profesional de nuestros estudiantes.<\/p><p>\u00a0<\/p><p>Conoce m\u00e1s sobre lo que tenemos para ti:<\/p><p>\u00a0<\/p><p><strong>Laboratorios Virtuales<\/strong><\/p><p>Experimenta el Aprendizaje Pr\u00e1ctico con nuestros laboratorios virtuales te brindan la oportunidad de realizar experimentos y pr\u00e1cticas en un entorno seguro y controlado, ideal para escuelas y colegios, estos laboratorios simulan experiencias reales que enriquecer\u00e1n tu proceso educativo.<\/p><p>\u00a0<\/p><p><strong>Aulas Virtuales<\/strong><\/p><p>Tu clase, donde quieras, las aulas virtuales de FunGesta son espacios de aprendizaje interactivos y din\u00e1micos, donde podr\u00e1s conectarte con profesores y compa\u00f1eros para una experiencia educativa colaborativa. Accede a clases en vivo, material did\u00e1ctico y foros de discusi\u00f3n, todo en un solo lugar.<\/p><p>\u00a0<\/p><p><strong>Cursos de Perfeccionamiento Profesional<\/strong><\/p><p>Avanza en tu carrera, impulsa tu carrera con nuestros cursos de perfeccionamiento profesional. Ofrecemos una variedad de programas que te ayudar\u00e1n a adquirir habilidades avanzadas y conocimientos especializados, necesarios para destacar en el mercado laboral actual.<\/p><p>\u00a0<\/p><p><strong>Universidad Abierta<\/strong> Educaci\u00f3n sin fronteras, la Universidad Abierta de FunGesta y sus aliados es una iniciativa que promueve el acceso a la educaci\u00f3n superior sin importar d\u00f3nde te encuentres. Explora una amplia oferta acad\u00e9mica que incluye carreras de grado, posgrados y programas de extensi\u00f3n universitaria.<\/p><p>\u00a0<\/p><p><strong>Asesor\u00eda Educativa<\/strong> Orientaci\u00f3n personalizada, nuestro servicio de asesor\u00eda educativa est\u00e1 dise\u00f1ado para guiarte en tu trayectoria acad\u00e9mica. Ya sea que necesites ayuda para elegir un programa de estudio, prepararte para ex\u00e1menes o planificar tu futuro profesional, nuestros asesores est\u00e1n aqu\u00ed para apoyarte.<\/p><p>\u00a0<\/p><p><strong>Art\u00edculos Cient\u00edficos<\/strong><\/p><p>Conocimiento al alcance de todos, nuestros asesores cient\u00edficos te guiar\u00e1n y acompa\u00f1ar\u00e1n en el proceso investigativo.<\/p>\t\t\t\t\t\t\t\t<\/div>\n\t\t\t\t<\/div>\n\t\t\t\t<div class=\"elementor-element elementor-element-78bb8aa8 elementor-widget elementor-widget-text-editor\" data-id=\"78bb8aa8\" data-element_type=\"widget\" data-e-type=\"widget\" data-widget_type=\"text-editor.default\">\n\t\t\t\t<div class=\"elementor-widget-container\">\n\t\t\t\t\t\t\t\t\t<p>Convencidos que el desarrollo cient\u00edfico, la profesionalizaci\u00f3n, la preparaci\u00f3n para el empleo es un diferenciador para potenciar el desenvolvimiento profesional de nuestros estudiantes.<\/p>\t\t\t\t\t\t\t\t<\/div>\n\t\t\t\t<\/div>\n\t\t\t\t<div class=\"elementor-element elementor-element-12ca237 elementor-widget elementor-widget-text-editor\" data-id=\"12ca237\" data-element_type=\"widget\" data-e-type=\"widget\" data-widget_type=\"text-editor.default\">\n\t\t\t\t<div class=\"elementor-widget-container\">\n\t\t\t\t\t\t\t\t\t<p>\u00a0<\/p><p>Para m\u00e1s productos y recursos <a href=\"https:\/\/fungesta.com\/site\/index.php\/recursos\/\">clic aqu\u00ed<\/a><\/p>\t\t\t\t\t\t\t\t<\/div>\n\t\t\t\t<\/div>\n\t\t\t\t<\/div>\n\t\t\t\t\t<\/div>\n\t\t\t\t<\/div>\n\t\t<div class=\"elementor-element elementor-element-6a2cc978 e-flex e-con-boxed e-con e-parent\" data-id=\"6a2cc978\" data-element_type=\"container\" data-e-type=\"container\" data-settings=\"{&quot;background_background&quot;:&quot;classic&quot;}\">\n\t\t\t\t\t<div class=\"e-con-inner\">\n\t\t<div class=\"elementor-element elementor-element-464954aa e-con-full e-flex e-con e-child\" data-id=\"464954aa\" data-element_type=\"container\" data-e-type=\"container\" data-settings=\"{&quot;background_background&quot;:&quot;classic&quot;}\">\n\t\t<div class=\"elementor-element elementor-element-2bdcc7d2 e-con-full e-flex e-con e-child\" data-id=\"2bdcc7d2\" data-element_type=\"container\" data-e-type=\"container\">\n\t\t<div class=\"elementor-element elementor-element-546c6bb8 e-con-full e-flex e-con e-child\" data-id=\"546c6bb8\" data-element_type=\"container\" data-e-type=\"container\">\n\t\t\t\t<div class=\"elementor-element elementor-element-3438112d elementor-widget elementor-widget-heading\" data-id=\"3438112d\" data-element_type=\"widget\" data-e-type=\"widget\" data-widget_type=\"heading.default\">\n\t\t\t\t<div class=\"elementor-widget-container\">\n\t\t\t\t\t<h3 class=\"elementor-heading-title elementor-size-default\">Ll\u00e1menos para consultas GRATUITAS<\/h3>\t\t\t\t<\/div>\n\t\t\t\t<\/div>\n\t\t\t\t<div class=\"elementor-element elementor-element-10fae09b elementor-widget elementor-widget-text-editor\" data-id=\"10fae09b\" data-element_type=\"widget\" data-e-type=\"widget\" data-widget_type=\"text-editor.default\">\n\t\t\t\t<div class=\"elementor-widget-container\">\n\t\t\t\t\t\t\t\t\t<p>Nuestra misi\u00f3n es apoyarte en tu desarrollo profesional e inserci\u00f3n laboral<\/p>\t\t\t\t\t\t\t\t<\/div>\n\t\t\t\t<\/div>\n\t\t\t\t<\/div>\n\t\t<div class=\"elementor-element elementor-element-724a394d e-con-full e-flex e-con e-child\" data-id=\"724a394d\" data-element_type=\"container\" data-e-type=\"container\">\n\t\t\t\t<div class=\"elementor-element elementor-element-549b7528 elementor-align-center elementor-widget elementor-widget-button\" data-id=\"549b7528\" data-element_type=\"widget\" data-e-type=\"widget\" data-widget_type=\"button.default\">\n\t\t\t\t<div class=\"elementor-widget-container\">\n\t\t\t\t\t\t\t\t\t<div class=\"elementor-button-wrapper\">\n\t\t\t\t\t<a class=\"elementor-button elementor-button-link elementor-size-md\" href=\"#\">\n\t\t\t\t\t\t<span class=\"elementor-button-content-wrapper\">\n\t\t\t\t\t\t\t\t\t<span class=\"elementor-button-text\">Telf.\/Whatsapp: +593 9 63 63 2545<\/span>\n\t\t\t\t\t<\/span>\n\t\t\t\t\t<\/a>\n\t\t\t\t<\/div>\n\t\t\t\t\t\t\t\t<\/div>\n\t\t\t\t<\/div>\n\t\t\t\t<\/div>\n\t\t\t\t<\/div>\n\t\t\t\t<\/div>\n\t\t\t\t\t<\/div>\n\t\t\t\t<\/div>\n\t\t\t\t<\/div>\n\t\t","protected":false},"excerpt":{"rendered":"<p>Fundaci\u00f3n para la Gesti\u00f3n T\u00e9cnica y Acad\u00e9mica FunGesta Secretar\u00eda de Educaci\u00f3n Superior, Ciencia, Tecnolog\u00eda e Innovaci\u00f3n ACUERDO No. SENESCYT-2023-010 Productos y Servicios Innovaci\u00f3n y Calidad en Educaci\u00f3n, en FunGesta, nos dedicamos a ofrecer una amplia gama de productos y servicios educativos de alta calidad conjuntamente con nuestros aliados, dise\u00f1ados para satisfacer las necesidades de aprendizaje [&hellip;]<\/p>\n","protected":false},"author":2,"featured_media":0,"parent":0,"menu_order":0,"comment_status":"closed","ping_status":"closed","template":"","meta":{"om_disable_all_campaigns":false,"_monsterinsights_skip_tracking":false,"_monsterinsights_sitenote_active":false,"_monsterinsights_sitenote_note":"","_monsterinsights_sitenote_category":0,"site-sidebar-layout":"no-sidebar","site-content-layout":"page-builder","ast-site-content-layout":"full-width-container","site-content-style":"default","site-sidebar-style":"default","ast-global-header-display":"","ast-banner-title-visibility":"","ast-main-header-display":"","ast-hfb-above-header-display":"","ast-hfb-below-header-display":"","ast-hfb-mobile-header-display":"","site-post-title":"disabled","ast-breadcrumbs-content":"","ast-featured-img":"disabled","footer-sml-layout":"","ast-disable-related-posts":"","theme-transparent-header-meta":"","adv-header-id-meta":"","stick-header-meta":"","header-above-stick-meta":"","header-main-stick-meta":"","header-below-stick-meta":"","astra-migrate-meta-layouts":"set","ast-page-background-enabled":"default","ast-page-background-meta":{"desktop":{"background-color":"","background-image":"","background-repeat":"repeat","background-position":"center center","background-size":"auto","background-attachment":"scroll","background-type":"","background-media":"","overlay-type":"","overlay-color":"","overlay-opacity":"","overlay-gradient":""},"tablet":{"background-color":"","background-image":"","background-repeat":"repeat","background-position":"center center","background-size":"auto","background-attachment":"scroll","background-type":"","background-media":"","overlay-type":"","overlay-color":"","overlay-opacity":"","overlay-gradient":""},"mobile":{"background-color":"","background-image":"","background-repeat":"repeat","background-position":"center center","background-size":"auto","background-attachment":"scroll","background-type":"","background-media":"","overlay-type":"","overlay-color":"","overlay-opacity":"","overlay-gradient":""}},"ast-content-background-meta":{"desktop":{"background-color":"var(--ast-global-color-5)","background-image":"","background-repeat":"repeat","background-position":"center center","background-size":"auto","background-attachment":"scroll","background-type":"","background-media":"","overlay-type":"","overlay-color":"","overlay-opacity":"","overlay-gradient":""},"tablet":{"background-color":"var(--ast-global-color-5)","background-image":"","background-repeat":"repeat","background-position":"center center","background-size":"auto","background-attachment":"scroll","background-type":"","background-media":"","overlay-type":"","overlay-color":"","overlay-opacity":"","overlay-gradient":""},"mobile":{"background-color":"var(--ast-global-color-5)","background-image":"","background-repeat":"repeat","background-position":"center center","background-size":"auto","background-attachment":"scroll","background-type":"","background-media":"","overlay-type":"","overlay-color":"","overlay-opacity":"","overlay-gradient":""}},"footnotes":""},"class_list":["post-957","page","type-page","status-publish","hentry"],"aioseo_notices":[],"_links":{"self":[{"href":"https:\/\/fungesta.com\/site\/index.php\/wp-json\/wp\/v2\/pages\/957","targetHints":{"allow":["GET"]}}],"collection":[{"href":"https:\/\/fungesta.com\/site\/index.php\/wp-json\/wp\/v2\/pages"}],"about":[{"href":"https:\/\/fungesta.com\/site\/index.php\/wp-json\/wp\/v2\/types\/page"}],"author":[{"embeddable":true,"href":"https:\/\/fungesta.com\/site\/index.php\/wp-json\/wp\/v2\/users\/2"}],"replies":[{"embeddable":true,"href":"https:\/\/fungesta.com\/site\/index.php\/wp-json\/wp\/v2\/comments?post=957"}],"version-history":[{"count":28,"href":"https:\/\/fungesta.com\/site\/index.php\/wp-json\/wp\/v2\/pages\/957\/revisions"}],"predecessor-version":[{"id":1220,"href":"https:\/\/fungesta.com\/site\/index.php\/wp-json\/wp\/v2\/pages\/957\/revisions\/1220"}],"wp:attachment":[{"href":"https:\/\/fungesta.com\/site\/index.php\/wp-json\/wp\/v2\/media?parent=957"}],"curies":[{"name":"wp","href":"https:\/\/api.w.org\/{rel}","templated":true}]}}